{"id":4203,"date":"2024-01-29T11:11:51","date_gmt":"2024-01-29T11:11:51","guid":{"rendered":"https:\/\/www.nurpelet.com\/?page_id=4203"},"modified":"2025-02-16T09:32:18","modified_gmt":"2025-02-16T09:32:18","slug":"bayilerimiz","status":"publish","type":"page","link":"https:\/\/www.nurpelet.com\/en\/bayilerimiz\/","title":{"rendered":"Bayilerimiz"},"content":{"rendered":"<section class=\"wpb-content-wrapper\"><div class=\"vc_row wpb_row row top-row vc_column-gap-20\"><div class=\"vc_column_container col-md-2\"><div class=\"wpb_wrapper vc_column-inner\"><\/div><\/div><div class=\"vc_column_container col-md-8\"><div class=\"wpb_wrapper vc_column-inner\">\n\t<div class=\"wpb_text_column wpb_content_element\" >\n\t\t<div class=\"wpb_wrapper\">\n\t\t\t<div class=\"map_wrapper\" id=\"map_wrapper_4202\">\n<div class=\"map_box\" style=\"max-width:2000px\">\n<div class=\"map_aspect_ratio\" style=\"padding-top:56%\" data-padding-top=\"56%\" data-padding-top-mobile=\"0%\">\n<div class=\"map_container\">\n<div class=\"map_render map_loading\" id=\"map_4202\"><\/div>\n<\/div>\n<\/div>\n<\/div>\n<\/div>\n\n\t\t<\/div>\n\t<\/div>\n<div class=\"vc_row wpb_row vc_inner row\"><div class=\"vc_column_container col-md-6\"><div class=\"wpb_wrapper vc_column-inner\">\n\t<div class=\"wpb_text_column wpb_content_element\" >\n\t\t<div class=\"wpb_wrapper\">\n\t\t\t<p>\u2b50<strong>Antep &#8211; Merkez<\/strong><br \/>\n<strong>Berin Ticaret: <\/strong>0555 188 30 08<\/p>\n<p>\u2b50<strong>Urfa &#8211; Merkez<\/strong><br \/>\n<strong>Bazda Ticaret: <\/strong>0546 510 63 63<\/p>\n<p>\u2b50<strong>Ad\u0131yaman \u2013 Besni<\/strong><br \/>\n<strong>Asya Prefabrik:<\/strong> 0549 710 15 15<\/p>\n<p>\u2b50<strong>Ad\u0131yaman &#8211; G\u00f6lba\u015f\u0131<\/strong><br \/>\n<strong>CD dursun \u0130n\u015faat: <\/strong>0536 513 11 52<\/p>\n<p>\u2b50<strong>Nev\u015fehir &#8211; \u00dcrg\u00fcp<\/strong><br \/>\n<strong>Ba\u015fkur Tar\u0131m: <\/strong>0533 720 78 89<\/p>\n<p>\u2b50<strong>Konya &#8211; Merkez<\/strong><br \/>\n<strong>Ays Ticaret:<\/strong> 0541 826 27 49<\/p>\n<p>\u2b50<strong>Mara\u015f \u2013 Dulkadiro\u011flu<\/strong><br \/>\n<strong>E\u015fref \u015eekerli Ticaret<\/strong>: 0505 224 04 82<\/p>\n<p>\u2b50<strong>Yozgat &#8211; Sorgun<\/strong><br \/>\n<strong>Tek-Is\u0131:<\/strong> 0553 444 33 55<\/p>\n<p><strong>\u2b50D\u00fczi\u00e7i Ellek Bayisi<\/strong><br \/>\n<strong>Co\u015fkun Do\u011frama &#8211; Ahmet Co\u015fkun:<\/strong> 0543 223 25 13<\/p>\n<p>\u2b50<strong>Adana &#8211; Saimbeyli<\/strong><br \/>\n<strong>Emrullah:<\/strong> 05302606088<\/p>\n<p>\u2b50<strong>Urfa &#8211; Merkez<\/strong><br \/>\n<strong>Ey-Ka Soba:<\/strong> 05423531734<\/p>\n<p><strong>\u2b50Gaziantep<\/strong><br \/>\n<strong>Ms Soba:<\/strong> 0542 434 85 91<\/p>\n<p>\u2b50<strong>Sinop &#8211; T\u00fcrkeli<\/strong><br \/>\n<strong>Kurtdereli Ticaret:<\/strong> 05322021479<\/p>\n<p>\u2b50<strong>Ceyhan &#8211; Hamdilli<\/strong><br \/>\n<strong>Musa Teker:<\/strong> 05425493129<\/p>\n<p>\u2b50<strong>Hatay &#8211; Merkez<\/strong><br \/>\n<strong>Hatay S\u00fct Tar\u0131m San.:<\/strong> 05326462768<\/p>\n<p>\u2b50<strong>Hatay &#8211; Erzin<\/strong><br \/>\n<strong>Z\u00fclfikar Y\u0131kar:<\/strong> 0543 924 37 51<\/p>\n\n\t\t<\/div>\n\t<\/div>\n<\/div><\/div><div class=\"vc_column_container col-md-6\"><div class=\"wpb_wrapper vc_column-inner\">\n\t<div class=\"wpb_text_column wpb_content_element\" >\n\t\t<div class=\"wpb_wrapper\">\n\t\t\t<p>\u2b50<strong>Samsun &#8211; 19may\u0131s<\/strong><br \/>\n<strong>Baylan Is\u0131: <\/strong>0532 577 77 41<\/p>\n<p>\u2b50<strong>Samsun &#8211; Tekkek\u00f6y<\/strong><br \/>\n<strong>Is\u0131 Pak:<\/strong> 0532 454 09 55<\/p>\n<p>\u2b50<strong>Trabzon &#8211; Vakf\u0131kebir<\/strong><br \/>\n<strong>\u00c7em-San:<\/strong> 0552 785 61 61<\/p>\n<p>\u2b50<strong>Trabzon &#8211; Vakf\u0131kebir<\/strong><br \/>\n<strong>Demirci Ticaret:<\/strong> 0542 727 47 69<\/p>\n<p>\u2b50<strong>Sinop &#8211; Merkez<\/strong><br \/>\n<strong>\u00c7etin Nakliyat:<\/strong> 0544 271 50 90<\/p>\n<p>\u2b50<strong>Sinop &#8211; Ayanc\u0131k<\/strong><br \/>\n<strong>Aziz Bey:<\/strong> 0542 770 56 10<\/p>\n<p>\u2b50<strong>Sinop &#8211; Ayanc\u0131k<\/strong><br \/>\n<strong>Kurtdereli Ticaret:<\/strong> 0532 202 14 74<\/p>\n<p>\u2b50<strong>Osmaniye &#8211; Merkez<\/strong><br \/>\n<strong>Keskiner Ticaret:<\/strong> 0533 432 32 15<\/p>\n<p>\u2b50<strong>Osmaniye &#8211; D\u00fczi\u00e7i<\/strong><br \/>\n<strong>G\u00fcl Ticaret:<\/strong> 0535 583 64 63<\/p>\n<p>\u2b50<strong>Hatay &#8211; D\u00f6rtyol<\/strong><br \/>\n<strong>Keskin Ticaret:<\/strong> 0541 818 37 14<\/p>\n<p>\u2b50<strong>Sinop &#8211; T\u00fcrkeli<\/strong><br \/>\n<strong>\u00d6calo\u011flu Ticaret:<\/strong> 0552 404 37 02<\/p>\n<p>\u2b50<strong>Osmaniye &#8211; D\u00fczi\u00e7i<\/strong><br \/>\n<strong>\u00c7imen Metal:<\/strong> 0543 602 43 65<\/p>\n<p>\u2b50<strong>Ankara<\/strong><br \/>\n<strong>H\u00fcseyin Alt\u0131ndal:<\/strong> 0532 489 06 92<\/p>\n<p>\u2b50<strong>Malatya<\/strong><br \/>\n<strong>G\u00fcnay Pelet:\u00a0<\/strong> 0507 580 44 44<\/p>\n<p>\u2b50<strong>Adana &#8211; Ceyhan<\/strong><br \/>\n<strong>\u0130mat Y\u0131ld\u0131r\u0131m:<\/strong> 0505 230 54 60<\/p>\n<p>\u2b50<strong>Giresun &#8211; G\u00f6rele<\/strong><br \/>\n<strong>Gedik Ticaret:<\/strong> 0531 576 70 10<\/p>\n\n\t\t<\/div>\n\t<\/div>\n<\/div><\/div><\/div><\/div><\/div><div class=\"vc_column_container col-md-2\"><div class=\"wpb_wrapper vc_column-inner\"><\/div><\/div><\/div>\n<\/section>","protected":false},"excerpt":{"rendered":"\u2b50Antep - Merkez Berin Ticaret: 0555 188 30 08 \u2b50Urfa - Merkez Bazda Ticaret: 0546 510 63 63 \u2b50Ad\u0131yaman \u2013 Besni Asya Prefabrik: 0549 710 15 15 \u2b50Ad\u0131yaman - G\u00f6lba\u015f\u0131 CD dursun \u0130n\u015faat: 0536 513 11 52 \u2b50Nev\u015fehir - \u00dcrg\u00fcp Ba\u015fkur Tar\u0131m: 0533 720 78 89 \u2b50Konya - Merkez Ays Ticaret: 0541 826 27 49 [...]","protected":false},"author":1,"featured_media":0,"parent":0,"menu_order":0,"comment_status":"closed","ping_status":"closed","template":"","meta":{"footnotes":""},"class_list":["post-4203","page","type-page","status-publish","hentry"],"_links":{"self":[{"href":"https:\/\/www.nurpelet.com\/en\/wp-json\/wp\/v2\/pages\/4203","targetHints":{"allow":["GET"]}}],"collection":[{"href":"https:\/\/www.nurpelet.com\/en\/wp-json\/wp\/v2\/pages"}],"about":[{"href":"https:\/\/www.nurpelet.com\/en\/wp-json\/wp\/v2\/types\/page"}],"author":[{"embeddable":true,"href":"https:\/\/www.nurpelet.com\/en\/wp-json\/wp\/v2\/users\/1"}],"replies":[{"embeddable":true,"href":"https:\/\/www.nurpelet.com\/en\/wp-json\/wp\/v2\/comments?post=4203"}],"version-history":[{"count":11,"href":"https:\/\/www.nurpelet.com\/en\/wp-json\/wp\/v2\/pages\/4203\/revisions"}],"predecessor-version":[{"id":4219,"href":"https:\/\/www.nurpelet.com\/en\/wp-json\/wp\/v2\/pages\/4203\/revisions\/4219"}],"wp:attachment":[{"href":"https:\/\/www.nurpelet.com\/en\/wp-json\/wp\/v2\/media?parent=4203"}],"curies":[{"name":"wp","href":"https:\/\/api.w.org\/{rel}","templated":true}]}}