{"id":4182,"date":"2023-11-30T10:59:32","date_gmt":"2023-11-30T10:59:32","guid":{"rendered":"https:\/\/www.nurpelet.com\/?page_id=4182"},"modified":"2023-11-30T11:18:11","modified_gmt":"2023-11-30T11:18:11","slug":"bayilik","status":"publish","type":"page","link":"https:\/\/www.nurpelet.com\/en\/bayilik\/","title":{"rendered":"Dealership"},"content":{"rendered":"<section class=\"wpb-content-wrapper\"><div class=\"vc_row wpb_row top-row porto-inner-container\"><div class=\"porto-wrap-container container\"><div class=\"row\"><div class=\"vc_column_container col-md-12\"><div class=\"wpb_wrapper vc_column-inner\"><div class=\"vc_empty_space\"   style=\"height: 32px\"><span class=\"vc_empty_space_inner\"><\/span><\/div><\/div><\/div><div class=\"vc_column_container col-md-6\"><div class=\"wpb_wrapper vc_column-inner\"><\/div><\/div><div class=\"vc_column_container col-md-6\"><div class=\"wpb_wrapper vc_column-inner\"><\/div><\/div><div class=\"vc_column_container col-md-12\"><div class=\"wpb_wrapper vc_column-inner\"><\/div><\/div><\/div><\/div><\/div><div class=\"vc_row wpb_row top-row porto-inner-container\"><div class=\"porto-wrap-container container\"><div class=\"row\"><div class=\"vc_column_container col-md-2\"><div class=\"wpb_wrapper vc_column-inner\"><\/div><\/div><div class=\"vc_column_container col-md-8\"><div class=\"wpb_wrapper vc_column-inner\">\n\t<div class=\"wpb_text_column wpb_content_element\" >\n\t\t<div class=\"wpb_wrapper\">\n\t\t\t<p style=\"text-align: center;\"><strong>New Dealership Opportunities: Join the \"Nur Pellet\" Family!<\/strong><\/p>\n<p style=\"text-align: center;\">Dear Business Partners,<\/p>\n<p style=\"text-align: center;\">Our strong position in the industry with our leadership in sustainable energy solutions and \u201cNur Pellet\u201d as we continue to grow. With more than 20 dealers, cooperation, we have carried out successfully, and now we&#039;re opening our doors to more of a business partner.<\/p>\n<p style=\"text-align: center;\">Fill out our form to reach us at the dealership. We will provide back to you.<\/p>\n\n\t\t<\/div>\n\t<\/div>\n\n\t<div class=\"wpb_text_column wpb_content_element\" >\n\t\t<div class=\"wpb_wrapper\">\n\t\t\t<h3 style=\"text-align: center;\"><span style=\"color: #000000;\">The Dealership Pre-Application Form<\/span><\/h3>\n\n\t\t<\/div>\n\t<\/div>\n\n\t<div class=\"wpb_text_column wpb_content_element\" >\n\t\t<div class=\"wpb_wrapper\">\n\t\t\t<div id=\"quform-8e9b45\" class=\"quform quform-4 quform-theme-minimal quform-support-page-caching\"><form id=\"quform-form-8e9b45\" class=\"quform-form quform-form-4\" action=\"\/en\/wp-json\/wp\/v2\/pages\/4182#quform-8e9b45\" method=\"post\" enctype=\"multipart\/form-data\" novalidate=\"novalidate\" data-options=\"{&quot;id&quot;:4,&quot;uniqueId&quot;:&quot;8e9b45&quot;,&quot;theme&quot;:&quot;minimal&quot;,&quot;ajax&quot;:true,&quot;logic&quot;:{&quot;logic&quot;:[],&quot;dependents&quot;:[],&quot;elementIds&quot;:[],&quot;dependentElementIds&quot;:[],&quot;animate&quot;:true},&quot;currentPageId&quot;:1,&quot;errorsIcon&quot;:&quot;&quot;,&quot;updateFancybox&quot;:true,&quot;hasPages&quot;:false,&quot;pages&quot;:[1],&quot;pageProgressType&quot;:&quot;numbers&quot;,&quot;tooltipsEnabled&quot;:true,&quot;tooltipClasses&quot;:&quot;qtip-quform-dark qtip-shadow&quot;,&quot;tooltipMy&quot;:&quot;left center&quot;,&quot;tooltipAt&quot;:&quot;right center&quot;,&quot;isRtl&quot;:false,&quot;scrollOffset&quot;:-50,&quot;scrollSpeed&quot;:800}\" data-trp-original-action=\"\/en\/wp-json\/wp\/v2\/pages\/4182#quform-8e9b45\"><button class=\"quform-default-submit\" name=\"quform_submit\" type=\"submit\" value=\"submit\" aria-hidden=\"true\" tabindex=\"-1\"><\/button><div class=\"quform-form-inner quform-form-inner-4\"><input type=\"hidden\" name=\"quform_form_id\" value=\"4\" \/><input type=\"hidden\" name=\"quform_form_uid\" value=\"8e9b45\" \/><input type=\"hidden\" name=\"quform_count\" value=\"1\" \/><input type=\"hidden\" name=\"form_url\" value=\"https:\/\/www.nurpelet.com\/en\/wp-json\/wp\/v2\/pages\/4182\" \/><input type=\"hidden\" name=\"referring_url\" value=\"\" \/><input type=\"hidden\" name=\"post_id\" value=\"\" \/><input type=\"hidden\" name=\"post_title\" value=\"\" \/><input type=\"hidden\" name=\"quform_current_page_id\" value=\"1\" \/><input type=\"hidden\" name=\"quform_csrf_token\" value=\"Z13SbJavNJoSam4iMn8eYKJsx57VGToyAqJ9K1VF\" \/><div class=\"quform-elements quform-elements-4 quform-cf quform-responsive-elements-phone-landscape\"><div class=\"quform-element quform-element-page quform-page-1 quform-page-4_1 quform-cf quform-group-style-plain quform-first-page quform-last-page quform-current-page\"><div class=\"quform-child-elements\"><div class=\"quform-element quform-element-row quform-element-row-4_3 quform-2-columns quform-element-row-size-fixed quform-responsive-columns-phone-landscape\"><div class=\"quform-element quform-element-column quform-element-4_4\"><div class=\"quform-element quform-element-text quform-element-4_6 quform-cf quform-element-required\"><div class=\"quform-spacer\"><div class=\"quform-label quform-label-4_6\"><label class=\"quform-label-text\" for=\"quform_4_6_8e9b45\">Your Name And Surname<span class=\"quform-required\">*<\/span><\/label><\/div><div class=\"quform-inner quform-inner-text quform-inner-4_6\"><div class=\"quform-input quform-input-text quform-input-4_6 quform-cf\"><input type=\"text\" id=\"quform_4_6_8e9b45\" name=\"quform_4_6\" class=\"quform-field quform-field-text quform-field-4_6\" \/><\/div><\/div><\/div><\/div><\/div><div class=\"quform-element quform-element-column quform-element-4_5\"><div class=\"quform-element quform-element-text quform-element-4_7 quform-cf quform-element-optional\"><div class=\"quform-spacer\"><div class=\"quform-label quform-label-4_7\"><label class=\"quform-label-text\" for=\"quform_4_7_8e9b45\">Company Name (If Applicable)<\/label><\/div><div class=\"quform-inner quform-inner-text quform-inner-4_7\"><div class=\"quform-input quform-input-text quform-input-4_7 quform-cf\"><input type=\"text\" id=\"quform_4_7_8e9b45\" name=\"quform_4_7\" class=\"quform-field quform-field-text quform-field-4_7\" \/><\/div><\/div><\/div><\/div><\/div><\/div><div class=\"quform-element quform-element-row quform-element-row-4_8 quform-2-columns quform-element-row-size-fixed quform-responsive-columns-phone-landscape\"><div class=\"quform-element quform-element-column quform-element-4_9\"><div class=\"quform-element quform-element-text quform-element-4_11 quform-cf quform-element-required\"><div class=\"quform-spacer\"><div class=\"quform-label quform-label-4_11\"><label class=\"quform-label-text\" for=\"quform_4_11_8e9b45\">Your Phone Number<span class=\"quform-required\">*<\/span><\/label><\/div><div class=\"quform-inner quform-inner-text quform-inner-4_11\"><div class=\"quform-input quform-input-text quform-input-4_11 quform-cf\"><input type=\"text\" id=\"quform_4_11_8e9b45\" name=\"quform_4_11\" class=\"quform-field quform-field-text quform-field-4_11\" \/><\/div><\/div><\/div><\/div><\/div><div class=\"quform-element quform-element-column quform-element-4_10\"><div class=\"quform-element quform-element-email quform-element-4_12 quform-cf quform-element-required\"><div class=\"quform-spacer\"><div class=\"quform-label quform-label-4_12\"><label class=\"quform-label-text\" for=\"quform_4_12_8e9b45\">E-mail address<span class=\"quform-required\">*<\/span><\/label><\/div><div class=\"quform-inner quform-inner-email quform-inner-4_12\"><div class=\"quform-input quform-input-email quform-input-4_12 quform-cf\"><input type=\"email\" id=\"quform_4_12_8e9b45\" name=\"quform_4_12\" class=\"quform-field quform-field-email quform-field-4_12\" \/><\/div><\/div><\/div><\/div><\/div><\/div><div class=\"quform-element quform-element-text quform-element-4_14 quform-cf quform-element-required\"><div class=\"quform-spacer\"><div class=\"quform-label quform-label-4_14\"><label class=\"quform-label-text\" for=\"quform_4_14_8e9b45\">Address (City\/County)<span class=\"quform-required\">*<\/span><\/label><\/div><div class=\"quform-inner quform-inner-text quform-inner-4_14\"><div class=\"quform-input quform-input-text quform-input-4_14 quform-cf\"><input type=\"text\" id=\"quform_4_14_8e9b45\" name=\"quform_4_14\" class=\"quform-field quform-field-text quform-field-4_14\" \/><\/div><\/div><\/div><\/div><div class=\"quform-element quform-element-textarea quform-element-4_16 quform-cf quform-element-optional\"><div class=\"quform-spacer\"><div class=\"quform-label quform-label-4_16\"><label class=\"quform-label-text\" for=\"quform_4_16_8e9b45\">Anything You Want To Add<\/label><\/div><div class=\"quform-inner quform-inner-textarea quform-inner-4_16\"><div class=\"quform-input quform-input-textarea quform-input-4_16 quform-cf\"><textarea id=\"quform_4_16_8e9b45\" name=\"quform_4_16\" class=\"quform-field quform-field-textarea quform-field-4_16\"><\/textarea><\/div><\/div><\/div><\/div><div class=\"quform-element quform-element-captcha quform-element-4_17 quform-cf quform-element-required\"><div class=\"quform-spacer\"><div class=\"quform-label quform-label-4_17\"><label class=\"quform-label-text\" for=\"quform_4_17_8e9b45\">Please type the characters<span class=\"quform-required\">*<\/span><\/label><\/div><div class=\"quform-inner quform-inner-captcha quform-inner-4_17\"><div class=\"quform-input quform-input-captcha quform-input-4_17 quform-cf\"><input type=\"text\" id=\"quform_4_17_8e9b45\" name=\"quform_4_17\" class=\"quform-field quform-field-captcha quform-field-4_17\" \/><\/div><div class=\"quform-captcha quform-cf\"><div class=\"quform-captcha-image quform-captcha-image-4_17\"><img loading=\"lazy\" decoding=\"async\" class=\"quform-captcha-image-img\" src=\"data:image\/png;base64,iVBORw0KGgoAAAANSUhEUgAAAOYAAABQBAMAAAD\/1xTgAAAAG1BMVEX\/\/\/8iIiLHx8esrKzj4+NZWVk9PT2QkJB0dHQ1DbtMAAAACXBIWXMAAA7EAAAOxAGVKw4bAAADZElEQVRoge1XTVPbMBANjh3n2IXG5OhAB3pMAoUe7ZLSHtHQDBwxlNAjKRQ44kILP7u7smRLtnGSkjLTGb2ZkCCt9632S+tazcDAwMDAwMDA4JkYrG68NOUYAG5fltJGStibu9rBoGLTIs6jOTPWfwN4d0\/vX3kAr+ZMGdFB4KRCJILXc6W0GST4IhYGg+BfczaQzhvRn4RqF6BV5Fys2dvXm\/PixEr4iQ5mMjepMvIyDJYsNsH\/syCCZfpyAZb4\/2uYMUFOJoalseb\/Z0K6Mk5dygqcY\/CSmHv5nWlgbbzRF2xZ8GHq0rjA2eN80d\/1hndF\/0Si4BsKp1\/fvr55fNA4T2o2+nd5VsZgizvI1xZR33mBMynZcynTwQAESUcKZmL8xFroIJbvY\/XojH+HaTzH4CfR60oZ9PuisK9bmwFXpKUd2JHIzzxY6rcxdN9jO7zop3sLIpCOEtAdfyKlyy2\/JVtLY\/IR0l6DnPhRG8OC8HNdabwMDoIJnA7nDKi7lp3zreLKHnSb+o3ZEJt2Zhjl3sHj90rOOrQYeNzkYu\/cQVdmpiBnDG11vyETL0riyq3keXZcSfoBs89THs8xYqgzzhslZwmOfIhlnKTpLp6UU7zq66NLfdX+QYwtxUs9rU6e5AzxtzXpwnFKq4sYDrQbowOqpwlNGWymcHQo5JEWgyLcsupCdW1fX0JOTxdtynOrAwOWMSZV4d7TYZWNb7EM5EqgcG4qyZJYuyc0HKWLzEsvpQpExVEKtRwOKcK7WaaGmI27WhxckeyOGueopdXOE4g142tCC+Ke9lInhPgLbfmaSWEv4Bb1FEtsOuLVqWJZKUpa0EJyLfqYHanJITmyo0bKSjqGpBZ2FA5QhrAYcawfqu1lOoLQYXfguE8VdLqvcrb7q0w9fHO6+bOkWJDzaB1Z762x4Ewa85ZolcIMMRqqc4Iz3ZxNxWLrrA1yKdEcynnSyThThpQzve+th9507zCUpJHe4V1ecWvy0iGh0Wg4fLAu+isrmXkAQ5I4U22lcXEKUOhyIWWUHHyurqpuBv768FDpj06hV5XD4r08p9rliuj94bzsGYHP+\/mVdQYwoe8RxrIWS2BvzDyk7\/yqvsg4yIHf\/FlVPw84Nc\/tjWNauNWThIGBgYGBgYGBgcF\/gD9Yk4dule\/aoQAAAABJRU5ErkJggg==\" alt=\"CAPTCHA image\" data-element-id=\"17\" width=\"115\" height=\"40\" \/><\/div><\/div><p class=\"quform-description quform-description-below\">This helps avoid spam, thanks.<\/p><\/div><\/div><\/div><div class=\"quform-element quform-element-submit quform-element-4_2 quform-cf quform-button-style-theme quform-button-size-medium quform-button-width-medium\"><div class=\"quform-button-submit quform-button-submit-default quform-button-submit-4_2\"><button name=\"quform_submit\" type=\"submit\" class=\"quform-submit\" value=\"submit\"><span class=\"quform-button-text quform-button-submit-text\">Send<\/span><\/button><\/div><div class=\"quform-loading quform-loading-position-left quform-loading-type-spinner-1\"><div class=\"quform-loading-inner\"><div class=\"quform-loading-spinner\"><div class=\"quform-loading-spinner-inner\"><\/div><\/div><\/div><\/div><\/div><div class=\"quform-element-tree\"><label for=\"quform_4_0_8e9b45\">This field should be left blank<\/label><input type=\"text\" id=\"quform_4_0_8e9b45\" name=\"quform_4_0\" class=\"quform-field quform-field-tree quform-field-4_0\" tabindex=\"-1\" autocomplete=\"off\" \/><\/div><\/div><\/div><\/div><\/div><input type=\"hidden\" name=\"trp-form-language\" value=\"en\"\/><\/form><\/div>\n\n\t\t<\/div>\n\t<\/div>\n<\/div><\/div><div class=\"vc_column_container col-md-2\"><div class=\"wpb_wrapper vc_column-inner\"><\/div><\/div><\/div><\/div><\/div>\n<\/section>","protected":false},"excerpt":{"rendered":"Yeni Bayilik F\u0131rsatlar\u0131: \"Nur Pelet\" Ailesine Kat\u0131l\u0131n! Sayg\u0131de\u011fer \u0130\u015f Ortaklar\u0131, Sekt\u00f6rdeki g\u00fc\u00e7l\u00fc konumumuz ve s\u00fcrd\u00fcr\u00fclebilir enerji \u00e7\u00f6z\u00fcmlerindeki liderli\u011fimizle \"Nur Pelet\" olarak b\u00fcy\u00fcmeye devam ediyoruz. 20'den fazla bayi ile ba\u015far\u0131yla i\u015fbirli\u011fi y\u00fcr\u00fctt\u00fck, ve \u015fimdi daha fazla i\u015f orta\u011f\u0131na kap\u0131lar\u0131m\u0131z\u0131 a\u00e7\u0131yoruz. Bize ula\u015fmak i\u00e7in bayilik formumuzu doldurman\u0131z yeterlidir. En k\u0131sa s\u00fcrede size d\u00f6n\u00fc\u015f sa\u011flayaca\u011f\u0131z. Bayilik \u00d6n Ba\u015fvuru [...]","protected":false},"author":1,"featured_media":0,"parent":0,"menu_order":0,"comment_status":"closed","ping_status":"closed","template":"","meta":{"footnotes":""},"class_list":["post-4182","page","type-page","status-publish","hentry"],"_links":{"self":[{"href":"https:\/\/www.nurpelet.com\/en\/wp-json\/wp\/v2\/pages\/4182","targetHints":{"allow":["GET"]}}],"collection":[{"href":"https:\/\/www.nurpelet.com\/en\/wp-json\/wp\/v2\/pages"}],"about":[{"href":"https:\/\/www.nurpelet.com\/en\/wp-json\/wp\/v2\/types\/page"}],"author":[{"embeddable":true,"href":"https:\/\/www.nurpelet.com\/en\/wp-json\/wp\/v2\/users\/1"}],"replies":[{"embeddable":true,"href":"https:\/\/www.nurpelet.com\/en\/wp-json\/wp\/v2\/comments?post=4182"}],"version-history":[{"count":3,"href":"https:\/\/www.nurpelet.com\/en\/wp-json\/wp\/v2\/pages\/4182\/revisions"}],"predecessor-version":[{"id":4188,"href":"https:\/\/www.nurpelet.com\/en\/wp-json\/wp\/v2\/pages\/4182\/revisions\/4188"}],"wp:attachment":[{"href":"https:\/\/www.nurpelet.com\/en\/wp-json\/wp\/v2\/media?parent=4182"}],"curies":[{"name":"wp","href":"https:\/\/api.w.org\/{rel}","templated":true}]}}