{"id":149,"date":"2021-02-11T01:45:31","date_gmt":"2021-02-11T01:45:31","guid":{"rendered":"http:\/\/sw-themes.com\/porto_dummy\/?page_id=149"},"modified":"2023-11-19T11:45:57","modified_gmt":"2023-11-19T11:45:57","slug":"iletisim","status":"publish","type":"page","link":"https:\/\/www.nurpelet.com\/en\/iletisim\/","title":{"rendered":"Contact"},"content":{"rendered":"<section class=\"wpb-content-wrapper\"><div class=\"vc_row wpb_row top-row pt-5 mx-3 mx-xl-0 custom-box-1 vc_custom_1653618733821 vc_row-has-fill porto-inner-container\"><div class=\"porto-wrap-container container\"><div class=\"row\"><div class=\"p-5 bg-white d-flex align-items-center vc_column_container col-md-12 col-lg-6\"><div class=\"wpb_wrapper vc_column-inner\"><h2 style=\"font-size: 30.8px;color: #000000;font-weight:500;letter-spacing:-1.54px\" class=\"vc_custom_heading text-color-dark font-weight-medium mb-4 mt-5 mt-lg-0 align-left\" >Contact Information<\/h2><div class=\"porto-sicon-box  wpb_custom_1efe903570d178ff0a9b7bfa5febd3a4 style_1 default-icon\"><div class=\"porto-sicon-default\"><div class=\"porto-just-icon-wrapper porto-icon advanced\" style=\"color:#00a651;border-style:solid;border-color:#00a651;border-width:1px;width:25px;height:25px;line-height:25px;border-radius:25px;font-size:12px;\"><i class=\"fas fa-map-marker-alt\"><\/i><\/div><\/div><div class=\"porto-sicon-header\"><p><strong>Address:<\/strong> Acidere OSB Mh. Steel Founder Of CD. No:7 Pine \/ ADANA \/ TURKEY<\/p><\/div> <!-- header --><\/div><!-- porto-sicon-box --><div class=\"porto-sicon-box  wpb_custom_1efe903570d178ff0a9b7bfa5febd3a4 style_1 default-icon\"><div class=\"porto-sicon-default\"><div class=\"porto-just-icon-wrapper porto-icon advanced\" style=\"color:#00a651;border-style:solid;border-color:#00a651;border-width:1px;width:25px;height:25px;line-height:25px;border-radius:25px;font-size:12px;\"><i class=\"fas fa-phone\"><\/i><\/div><\/div><div class=\"porto-sicon-header\"><p><strong>Phone<\/strong>: +90 (322) 346 61 16<\/p><\/div> <!-- header --><\/div><!-- porto-sicon-box --><div class=\"porto-sicon-box  wpb_custom_1efe903570d178ff0a9b7bfa5febd3a4 style_1 default-icon\"><div class=\"porto-sicon-default\"><div class=\"porto-just-icon-wrapper porto-icon advanced\" style=\"color:#00a651;border-style:solid;border-color:#00a651;border-width:1px;width:25px;height:25px;line-height:25px;border-radius:25px;font-size:12px;\"><i class=\"fas fa-envelope\"><\/i><\/div><\/div><div class=\"porto-sicon-header\"><p><strong>Email<\/strong>: info@nurpelet.com<\/p><\/div> <!-- header --><\/div><!-- porto-sicon-box --><div class=\"vc_row wpb_row vc_inner row justify-content-center\"><div class=\"vc_column_container col-md-12\"><div class=\"wpb_wrapper vc_column-inner\"><div class=\"vc_empty_space\"   style=\"height: 5px\"><span class=\"vc_empty_space_inner\"><\/span><\/div><h2 style=\"font-size: 25px;color: #000000;font-weight:500;letter-spacing:-1.54px\" class=\"vc_custom_heading text-color-dark font-weight-medium mb-4 mt-5 mt-lg-0 align-left\" >Location<\/h2><div class=\"wpb_gmaps_widget wpb_content_element\"><div class=\"wpb_wrapper\"><div class=\"wpb_map_wraper\"><iframe src=\"https:\/\/www.google.com\/maps\/embed?pb=!1m18!1m12!1m3!1d3186.9696493597644!2d35.64460117653359!3d36.98665765716565!2m3!1f0!2f0!3f0!3m2!1i1024!2i768!4f13.1!3m3!1m2!1s0x1528bf6b0dc36d45%3A0x9aac52de918a59bf!2sNUR%20PELET!5e0!3m2!1str!2str!4v1700394178031!5m2!1str!2str\" width=\"600\" height=\"450\" style=\"border:0;\" allowfullscreen=\"\" loading=\"lazy\" referrerpolicy=\"no-referrer-when-downgrade\"><\/iframe><\/div><\/div><\/div><\/div><\/div><\/div><\/div><\/div><div class=\"p-5 vc_column_container col-md-12 col-lg-6 vc_custom_1613689467185\"><div class=\"wpb_wrapper vc_column-inner\"><div class=\"vc_empty_space\"   style=\"height: 15px\"><span class=\"vc_empty_space_inner\"><\/span><\/div><h2 style=\"font-size: 30.8px;font-weight:500;letter-spacing:-1.54px\" class=\"vc_custom_heading text-color-light font-weight-medium mb-4 mt-5 mt-lg-0 align-left\" >Contact Form<\/h2><p style=\"font-size: 15.4px;font-weight:500;letter-spacing:0\" class=\"vc_custom_heading mb-4 align-left\" >Our contact information, or you can reach us using our contact form. To return will be made in the shortest time.<\/p>\n\t<div class=\"wpb_text_column wpb_content_element\" >\n\t\t<div class=\"wpb_wrapper\">\n\t\t\t<div id=\"quform-7977f7\" class=\"quform quform-1 quform-theme-storm quform-support-page-caching\"><form id=\"quform-form-7977f7\" class=\"quform-form quform-form-1\" action=\"\/en\/wp-json\/wp\/v2\/pages\/149#quform-7977f7\" method=\"post\" enctype=\"multipart\/form-data\" novalidate=\"novalidate\" data-options=\"{&quot;id&quot;:1,&quot;uniqueId&quot;:&quot;7977f7&quot;,&quot;theme&quot;:&quot;storm&quot;,&quot;ajax&quot;:true,&quot;logic&quot;:{&quot;logic&quot;:[],&quot;dependents&quot;:[],&quot;elementIds&quot;:[],&quot;dependentElementIds&quot;:[],&quot;animate&quot;:true},&quot;currentPageId&quot;:1,&quot;errorsIcon&quot;:&quot;&quot;,&quot;updateFancybox&quot;:true,&quot;hasPages&quot;:false,&quot;pages&quot;:[1],&quot;pageProgressType&quot;:&quot;numbers&quot;,&quot;tooltipsEnabled&quot;:true,&quot;tooltipClasses&quot;:&quot;qtip-quform-dark qtip-shadow&quot;,&quot;tooltipMy&quot;:&quot;left center&quot;,&quot;tooltipAt&quot;:&quot;right center&quot;,&quot;isRtl&quot;:false,&quot;scrollOffset&quot;:-50,&quot;scrollSpeed&quot;:800}\" data-trp-original-action=\"\/en\/wp-json\/wp\/v2\/pages\/149#quform-7977f7\"><button class=\"quform-default-submit\" name=\"quform_submit\" type=\"submit\" value=\"submit\" aria-hidden=\"true\" tabindex=\"-1\"><\/button><div class=\"quform-form-inner quform-form-inner-1\"><input type=\"hidden\" name=\"quform_form_id\" value=\"1\" \/><input type=\"hidden\" name=\"quform_form_uid\" value=\"7977f7\" \/><input type=\"hidden\" name=\"quform_count\" value=\"1\" \/><input type=\"hidden\" name=\"form_url\" value=\"https:\/\/www.nurpelet.com\/en\/wp-json\/wp\/v2\/pages\/149\" \/><input type=\"hidden\" name=\"referring_url\" value=\"\" \/><input type=\"hidden\" name=\"post_id\" value=\"\" \/><input type=\"hidden\" name=\"post_title\" value=\"\" \/><input type=\"hidden\" name=\"quform_current_page_id\" value=\"1\" \/><input type=\"hidden\" name=\"quform_csrf_token\" value=\"eAjERmhl8irjlgTMPNVSicY0psd5DtZkhgv4M31d\" \/><div class=\"quform-elements quform-elements-1 quform-cf quform-responsive-elements-phone-landscape\"><div class=\"quform-element quform-element-page quform-page-1 quform-page-1_1 quform-cf quform-group-style-plain quform-first-page quform-last-page quform-current-page\"><div class=\"quform-child-elements\"><div class=\"quform-element quform-element-text quform-element-1_3 quform-cf quform-labels-inside quform-element-required\"><div class=\"quform-spacer\"><div class=\"quform-label quform-label-1_3\"><label class=\"quform-label-text\" for=\"quform_1_3_7977f7\">Your Name And Surname<span class=\"quform-required\">*<\/span><\/label><\/div><div class=\"quform-inner quform-inner-text quform-inner-1_3\"><div class=\"quform-input quform-input-text quform-input-1_3 quform-cf\"><input type=\"text\" id=\"quform_1_3_7977f7\" name=\"quform_1_3\" class=\"quform-field quform-field-text quform-field-1_3\" \/><\/div><\/div><\/div><\/div><div class=\"quform-element quform-element-email quform-element-1_7 quform-cf quform-labels-inside quform-element-required\"><div class=\"quform-spacer\"><div class=\"quform-label quform-label-1_7\"><label class=\"quform-label-text\" for=\"quform_1_7_7977f7\">  E-mail address<span class=\"quform-required\">*<\/span><\/label><\/div><div class=\"quform-inner quform-inner-email quform-inner-1_7\"><div class=\"quform-input quform-input-email quform-input-1_7 quform-cf\"><input type=\"email\" id=\"quform_1_7_7977f7\" name=\"quform_1_7\" class=\"quform-field quform-field-email quform-field-1_7\" \/><\/div><\/div><\/div><\/div><div class=\"quform-element quform-element-text quform-element-1_8 quform-cf quform-labels-inside quform-element-optional\"><div class=\"quform-spacer\"><div class=\"quform-label quform-label-1_8\"><label class=\"quform-label-text\" for=\"quform_1_8_7977f7\">Your Phone Number<\/label><\/div><div class=\"quform-inner quform-inner-text quform-inner-1_8\"><div class=\"quform-input quform-input-text quform-input-1_8 quform-cf\"><input type=\"text\" id=\"quform_1_8_7977f7\" name=\"quform_1_8\" class=\"quform-field quform-field-text quform-field-1_8\" \/><\/div><\/div><\/div><\/div><div class=\"quform-element quform-element-textarea quform-element-1_10 quform-cf quform-labels-inside quform-element-required\"><div class=\"quform-spacer\"><div class=\"quform-label quform-label-1_10\"><label class=\"quform-label-text\" for=\"quform_1_10_7977f7\">Your message<span class=\"quform-required\">*<\/span><\/label><\/div><div class=\"quform-inner quform-inner-textarea quform-inner-1_10\"><div class=\"quform-input quform-input-textarea quform-input-1_10 quform-cf\"><textarea id=\"quform_1_10_7977f7\" name=\"quform_1_10\" class=\"quform-field quform-field-textarea quform-field-1_10\"><\/textarea><\/div><\/div><\/div><\/div><div class=\"quform-element quform-element-captcha quform-element-1_11 quform-cf quform-element-required\"><div class=\"quform-spacer\"><div class=\"quform-label quform-label-1_11\"><label class=\"quform-label-text\" for=\"quform_1_11_7977f7\">Please type the characters<span class=\"quform-required\">*<\/span><\/label><\/div><div class=\"quform-inner quform-inner-captcha quform-inner-1_11\"><div class=\"quform-input quform-input-captcha quform-input-1_11 quform-cf\"><input type=\"text\" id=\"quform_1_11_7977f7\" name=\"quform_1_11\" class=\"quform-field quform-field-captcha quform-field-1_11\" \/><\/div><div class=\"quform-captcha quform-cf\"><div class=\"quform-captcha-image quform-captcha-image-1_11\"><img loading=\"lazy\" decoding=\"async\" class=\"quform-captcha-image-img\" src=\"data:image\/png;base64,iVBORw0KGgoAAAANSUhEUgAAAOYAAABQBAMAAAD\/1xTgAAAAG1BMVEX\/\/\/8iIiLj4+PHx8d0dHQ9PT2srKyQkJBZWVndkMLaAAAACXBIWXMAAA7EAAAOxAGVKw4bAAADJElEQVRoge1Xz2\/TMBTOjzbpkUeTrceGlnJtAFGOC4KS44I21mPKJnolE9t6bKCC\/tnYz6mIY6N4XQgS8ifVWt0Xf\/Z77\/ucGYaGhoaGhoaGRmNw1tvrlindBABO2uXMCSUcN7Wa9VwhqEcpwW+IcgzwsT4qBJgvAZqhdOn+09qwiOQ1gEEznBn4AJvasARODWfXTOPaANNMgbPJnnXhyHg6mLbK2YHHRj0jze33rz8a4nTByxU64xXKs7K52W1VZdZQhdOha9VGLVGdlfYmrQCb0YvyRsK+AuWYLlWfM0bpD7lJqjKPfL79noo8Bc6MPKMgAGScV1JrQYHUjs9\/4n4iFQGHfg5f6sNeLyKJ185uGGc\/oiempJkKpzUMFcRJEIAkbdSEd0lx2g+qnIZhErFIMLlLK2ESf++CnzLzLPw\/8z+vFJTXIaYgwH5HFuFy3pV1twm0T0lPXI8i2tUoKOkReDhC0qyrHS0Qb+gdgKHwbEBMmF45fRTOCWuqR\/WcVjVpNhbIi3nndwVHQLYNjpQ5In+T7Gzfq7kaH+UWLwQhl3QHJP29RBNeIjNeFKEkGTJklcUcOMf1HS4Btszk2aMZ\/oKjKqcglt2Y1Y5PgOySjdANI2TGUZXTFKrusB7lE5BImiPHXeXIjGNAJiZqYnn5hpuxWVb5BOQSESSlfOBIOROFxqU3S0Uu7JxMCXtkIN4ZLI5VAkeTHFZBoPaN+N6a4yomx7kUvGP9FvNhITMbKWdSf5\/Rm+ViWp1LBc4QButFOQhv3rPpaITmwephkhZQOGcE3qfqHKtkUFKHNUNfKzeVw5ydOIh\/Sb9R5i5sbAXOZ5fiHPP9qKSVgPl4mZM53TGOp3GM9emBd8NlRx09+krglg03k7woTFZxAnP84YgOi5SdXeE+loAY+sUqKSeJvBD529uhEPnEiJM9J23sTNCAKlip\/FJnOXeSEhQYreJpUnBaV0oeLwEr1X3+UbBpng8r5B5k29t773f0IMrCvNvF8h9wEjuw2uYkfpKk7VJOiCkcKO1DgVI5UNoP4Dz7swX8JcyEm0ZDQ0NDQ0ND43\/DL2c1ffL6iMeYAAAAAElFTkSuQmCC\" alt=\"CAPTCHA image\" data-element-id=\"11\" width=\"115\" height=\"40\" \/><\/div><\/div><p class=\"quform-description quform-description-below\">This helps avoid spam, thanks.<\/p><\/div><\/div><\/div><div class=\"quform-element quform-element-submit quform-element-1_2 quform-cf quform-button-style-bootstrap quform-button-size-medium quform-button-width-medium\"><div class=\"quform-button-submit quform-button-submit-default quform-button-submit-1_2\" data-animation=\"one\"><button name=\"quform_submit\" type=\"submit\" class=\"quform-submit\" value=\"submit\"><span class=\"quform-button-text quform-button-submit-text\">Send<\/span><\/button><\/div><div class=\"quform-loading quform-loading-position-left quform-loading-type-spinner-1\"><div class=\"quform-loading-inner\"><div class=\"quform-loading-spinner\"><div class=\"quform-loading-spinner-inner\"><\/div><\/div><\/div><\/div><\/div><div class=\"quform-element-tree\"><label for=\"quform_1_0_7977f7\">This field should be left blank<\/label><input type=\"text\" id=\"quform_1_0_7977f7\" name=\"quform_1_0\" class=\"quform-field quform-field-tree quform-field-1_0\" tabindex=\"-1\" autocomplete=\"off\" \/><\/div><\/div><\/div><\/div><\/div><input type=\"hidden\" name=\"trp-form-language\" value=\"en\"\/><\/form><\/div>\n\n\t\t<\/div>\n\t<\/div>\n<\/div><\/div><\/div><\/div><\/div><div class=\"vc_row wpb_row top-row py-5 my-4 porto-inner-container\"><div class=\"porto-wrap-container container\"><div class=\"row\"><div class=\"mb-5 mb-lg-0 vc_column_container col-md-12 col-lg-6\"><div class=\"wpb_wrapper vc_column-inner\"><\/div><\/div><\/div><\/div><\/div>\n<\/section>","protected":false},"excerpt":{"rendered":"\u0130leti\u015fim BilgileriAdres: Ac\u0131dere OSB Mh. D\u00f6k\u00fcmc\u00fcler Cd. No:7 Sar\u0131\u00e7am \/ ADANA \/ T\u00dcRK\u0130YE Telefon: +90 (322) 346 61 16 Email: info@nurpelet.com Lokasyon\u0130leti\u015fim Formu\u0130leti\u015fim bilgilerimizi yada ileti\u015fim formumuzu kullan\u0131p bize ula\u015fabilirsiniz. En k\u0131sa s\u00fcrede d\u00f6n\u00fc\u015f yap\u0131lacakt\u0131r. Ad\u0131n\u0131z Soyad\u0131n\u0131z* E-posta Adresiniz*Telefon Numaran\u0131zMesaj\u0131n\u0131z*L\u00fctfen karakterleri yaz\u0131n*Bu spam \u00f6nlememize yard\u0131mc\u0131 olur, te\u015fekk\u00fcrler.SendThis field should be left blank","protected":false},"author":1,"featured_media":0,"parent":0,"menu_order":0,"comment_status":"closed","ping_status":"closed","template":"","meta":{"footnotes":""},"class_list":["post-149","page","type-page","status-publish","hentry"],"_links":{"self":[{"href":"https:\/\/www.nurpelet.com\/en\/wp-json\/wp\/v2\/pages\/149","targetHints":{"allow":["GET"]}}],"collection":[{"href":"https:\/\/www.nurpelet.com\/en\/wp-json\/wp\/v2\/pages"}],"about":[{"href":"https:\/\/www.nurpelet.com\/en\/wp-json\/wp\/v2\/types\/page"}],"author":[{"embeddable":true,"href":"https:\/\/www.nurpelet.com\/en\/wp-json\/wp\/v2\/users\/1"}],"replies":[{"embeddable":true,"href":"https:\/\/www.nurpelet.com\/en\/wp-json\/wp\/v2\/comments?post=149"}],"version-history":[{"count":3,"href":"https:\/\/www.nurpelet.com\/en\/wp-json\/wp\/v2\/pages\/149\/revisions"}],"predecessor-version":[{"id":4080,"href":"https:\/\/www.nurpelet.com\/en\/wp-json\/wp\/v2\/pages\/149\/revisions\/4080"}],"wp:attachment":[{"href":"https:\/\/www.nurpelet.com\/en\/wp-json\/wp\/v2\/media?parent=149"}],"curies":[{"name":"wp","href":"https:\/\/api.w.org\/{rel}","templated":true}]}}