{"id":11,"date":"2021-02-10T02:33:27","date_gmt":"2021-02-10T02:33:27","guid":{"rendered":"http:\/\/sw-themes.com\/porto_dummy\/?page_id=11"},"modified":"2023-11-20T10:56:44","modified_gmt":"2023-11-20T10:56:44","slug":"hakkimizda","status":"publish","type":"page","link":"https:\/\/www.nurpelet.com\/en\/hakkimizda\/","title":{"rendered":"About us"},"content":{"rendered":"<section class=\"wpb-content-wrapper\"><div class=\"vc_row wpb_row top-row pt-3 mt-4 porto-inner-container\"><div class=\"porto-wrap-container container\"><div class=\"row\"><div class=\"vc_column_container col-md-12\"><div class=\"wpb_wrapper vc_column-inner\"><h2 style=\"font-size: 35px;line-height: 1.3;letter-spacing:-1.75px\" data-appear-animation=\"fadeInUp\" data-appear-animation-delay=\"250\" class=\"vc_custom_heading text-transform-none font-weight-semibold mb-4 mb-lg-3 mb-xl-4 align-left\" >Nur Pelet G\u0131da ve Enerji San. Tic. Ltd. \u015eti.<\/h2><p style=\"font-size: 15.4px\" data-appear-animation=\"fadeInUp\" data-appear-animation-delay=\"500\" class=\"vc_custom_heading align-left\" >As Nur Pellet, we are proud to export our high quality pellets worldwide with the production process we carry out with two German Amandus Khal brand pellet presses.<\/p><p  data-appear-animation=\"fadeInUp\" data-appear-animation-delay=\"750\" class=\"vc_custom_heading m-b-lg pb-2 align-left\" >Our single production line has a production capacity of 3.5 tonnes of 6-8mm pellets per hour, which allows us to state our high standards in terms of both quantity and quality. The pellets we produce are manufactured using pine raw material, thus providing a natural and sustainable energy source.<\/p><p  data-appear-animation=\"fadeInUp\" data-appear-animation-delay=\"750\" class=\"vc_custom_heading m-b-lg pb-2 align-left\" >Our products are delivered to our customers in bags and sacks. With our high quality standards and reliable production process, we reach a leading position in the sector by pushing the limits in the field of export.\n<p>As Nur Pellet, our aim is to provide sustainable energy solutions worldwide with our high performance and environmentally friendly pellets, thus becoming a reliable brand in the global market by offering quality products suitable for the needs of our customers.<\/p><\/p><\/div><\/div><\/div><\/div><\/div><div class=\"vc_row wpb_row top-row porto-inner-container\"><div class=\"porto-wrap-container container\"><div class=\"row vc_column-gap-20\"><div class=\"mb-4 mb-md-0 custom-height-1 custom-width-1 vc_column_container col-md-6 col-12\"><div class=\"wpb_wrapper vc_column-inner\">\r\n\t<div class=\"wpb_single_image wpb_content_element vc_align_left   custom-box-shadow-1 mb-0\">\r\n\t\t<div class=\"wpb_wrapper\">\r\n\t\t\t\r\n\t\t\t<div class=\"vc_single_image-wrapper   vc_box_border_grey\"><img loading=\"lazy\" decoding=\"async\" width=\"598\" height=\"485\" src=\"https:\/\/www.nurpelet.com\/wp-content\/uploads\/2023\/11\/generic-a-1.jpg\" class=\"vc_single_image-img attachment-full\" alt=\"\" title=\"generic-a\" srcset=\"https:\/\/www.nurpelet.com\/wp-content\/uploads\/2023\/11\/generic-a-1.jpg 598w, https:\/\/www.nurpelet.com\/wp-content\/uploads\/2023\/11\/generic-a-1-400x324.jpg 400w\" sizes=\"auto, (max-width: 598px) 100vw, 598px\" \/><\/div>\r\n\t\t<\/div>\r\n\t<\/div>\r\n<\/div><\/div><div class=\"custom-height-1 custom-width-1 vc_column_container col-md-3 col-6\"><div class=\"wpb_wrapper vc_column-inner\">\r\n\t<div class=\"wpb_single_image wpb_content_element vc_align_left   custom-box-shadow-1 mb-0\">\r\n\t\t<div class=\"wpb_wrapper\">\r\n\t\t\t\r\n\t\t\t<div class=\"vc_single_image-wrapper   vc_box_border_grey\"><img loading=\"lazy\" decoding=\"async\" width=\"290\" height=\"488\" src=\"https:\/\/www.nurpelet.com\/wp-content\/uploads\/2023\/11\/generic-1.jpg\" class=\"vc_single_image-img attachment-full\" alt=\"\" title=\"generic-1\" \/><\/div>\r\n\t\t<\/div>\r\n\t<\/div>\r\n<\/div><\/div><div class=\"custom-width-1 custom-height-2 custom-height-1 vc_column_container col-md-3 col-6\"><div class=\"wpb_wrapper vc_column-inner\">\r\n\t<div class=\"wpb_single_image wpb_content_element vc_align_left   mb-4 custom-box-shadow-1\" data-appear-animation=\"fadeInRight\" data-appear-animation-delay=\"200\">\r\n\t\t<div class=\"wpb_wrapper\">\r\n\t\t\t\r\n\t\t\t<div class=\"vc_single_image-wrapper   vc_box_border_grey\"><img loading=\"lazy\" decoding=\"async\" width=\"290\" height=\"218\" src=\"https:\/\/www.nurpelet.com\/wp-content\/uploads\/2023\/11\/generic-2.jpg\" class=\"vc_single_image-img attachment-full\" alt=\"\" title=\"generic-2\" \/><\/div>\r\n\t\t<\/div>\r\n\t<\/div>\r\n\r\n\t<div class=\"wpb_single_image wpb_content_element vc_align_left   custom-box-shadow-1 mb-0\" data-appear-animation=\"fadeInRight\" data-appear-animation-delay=\"200\">\r\n\t\t<div class=\"wpb_wrapper\">\r\n\t\t\t\r\n\t\t\t<div class=\"vc_single_image-wrapper   vc_box_border_grey\"><img loading=\"lazy\" decoding=\"async\" width=\"290\" height=\"218\" src=\"https:\/\/www.nurpelet.com\/wp-content\/uploads\/2023\/11\/generic-3.jpg\" class=\"vc_single_image-img attachment-full\" alt=\"\" title=\"generic-3\" \/><\/div>\r\n\t\t<\/div>\r\n\t<\/div>\r\n<\/div><\/div><\/div><\/div><\/div><div id=\"aboutus\" class=\"vc_row wpb_row top-row align-items-xl-center mt-5 vc_custom_1653024590251 porto-inner-container\"><div class=\"porto-wrap-container container\"><div class=\"row align-items-center\"><div class=\"vc_column_container col-md-12\"><div class=\"wpb_wrapper vc_column-inner\"><div class=\"vc_empty_space\"   style=\"height: 32px\"><span class=\"vc_empty_space_inner\"><\/span><\/div><div class=\"vc_row wpb_row vc_inner row\"><div class=\"vc_column_container col-md-4\"><div class=\"wpb_wrapper vc_column-inner\"><div class=\"stats-block stats-top  counter-primary  wpb_custom_a517333ace5b1666c6af8bd4684f1de9\"><div class=\"porto-sicon-top\"><div id=\"porto-icon-182928020269e4e0d46efd1\" class=\"porto-just-icon-wrapper porto-sicon-img\" style=\"font-size: 80px;\"><img decoding=\"async\" class=\"img-icon\" alt=\"\" src=\"https:\/\/www.nurpelet.com\/wp-content\/uploads\/2023\/11\/pellet.svg\" width=\"682.667\" height=\"682.667\" \/><\/div><\/div><div class=\"stats-desc\"><div id=\"counter_188308019369e4e0d46f0d7\" data-id=\"counter_188308019369e4e0d46f0d7\" class=\"stats-number\" style=\"font-size:50px; color:#000000;\" data-speed=\"3\" data-counter-value=\"52000\" data-separator=\",\" data-decimal=\".\">0<\/div><div class=\"counter_suffix mycust\" style=\"font-size:50px; \">+<\/div><div class=\"stats-text\" style=\"color:#000000;font-size:20px;\">Tonne Annual Production<\/div><\/div><\/div><\/div><\/div><div class=\"vc_column_container col-md-4\"><div class=\"wpb_wrapper vc_column-inner\"><div class=\"stats-block stats-top  counter-primary  wpb_custom_a517333ace5b1666c6af8bd4684f1de9\"><div class=\"porto-sicon-top\"><div id=\"porto-icon-62498300669e4e0d47073c\" class=\"porto-just-icon-wrapper porto-sicon-img\" style=\"font-size: 80px;\"><img loading=\"lazy\" decoding=\"async\" class=\"img-icon\" alt=\"\" src=\"https:\/\/www.nurpelet.com\/wp-content\/uploads\/2023\/11\/export.svg\" width=\"24\" height=\"24\" \/><\/div><\/div><div class=\"stats-desc\"><div id=\"counter_171188214369e4e0d4707e0\" data-id=\"counter_171188214369e4e0d4707e0\" class=\"stats-number\" style=\"font-size:50px; color:#000000;\" data-speed=\"3\" data-counter-value=\"55\" data-separator=\",\" data-decimal=\".\">0<\/div><div class=\"counter_suffix mycust\" style=\"font-size:50px; \">+<\/div><div class=\"stats-text\" style=\"color:#000000;font-size:20px;\">Export to Country<\/div><\/div><\/div><\/div><\/div><div class=\"vc_column_container col-md-4\"><div class=\"wpb_wrapper vc_column-inner\"><div class=\"stats-block stats-top  counter-primary  wpb_custom_a517333ace5b1666c6af8bd4684f1de9\"><div class=\"porto-sicon-top\"><div id=\"porto-icon-123757359969e4e0d471a83\" class=\"porto-just-icon-wrapper porto-sicon-img\" style=\"font-size: 80px;\"><img loading=\"lazy\" decoding=\"async\" class=\"img-icon\" alt=\"\" src=\"https:\/\/www.nurpelet.com\/wp-content\/uploads\/2023\/11\/tecrube.svg\" width=\"512\" height=\"512\" \/><\/div><\/div><div class=\"stats-desc\"><div id=\"counter_71944782769e4e0d471b23\" data-id=\"counter_71944782769e4e0d471b23\" class=\"stats-number\" style=\"font-size:50px; color:#000000;\" data-speed=\"3\" data-counter-value=\"25\" data-separator=\",\" data-decimal=\".\">0<\/div><div class=\"counter_suffix mycust\" style=\"font-size:50px; \">+<\/div><div class=\"stats-text\" style=\"color:#000000;font-size:20px;\">Years of Experience<\/div><\/div><\/div><\/div><\/div><\/div><\/div><\/div><\/div><\/div><\/div><div class=\"vc_row wpb_row top-row py-5 mb-5 porto-inner-container\"><div class=\"porto-wrap-container container\"><div class=\"row\"><div class=\"vc_column_container col-md-12\"><div class=\"wpb_wrapper vc_column-inner\"><div class=\"tabs  custom-tab mb-0 tabs-center tabs-simple\"><ul class=\"nav nav-tabs featured-boxes\"><li class=\"nav-item active\"><a href=\"#tab-18415a4a-c3b2-2\" id=\"tab-18415a4a-c3b2-2-title\" class=\"nav-link\" data-bs-toggle=\"tab\">Our Vision<\/a><\/li><li class=\"nav-item\"><a href=\"#tab-1613658067791-2-1\" id=\"tab-1613658067791-2-1-title\" class=\"nav-link\" data-bs-toggle=\"tab\">Our Mission<\/a><\/li><li class=\"nav-item\"><a href=\"#tab-1700477075103-2-6\" id=\"tab-1700477075103-2-6-title\" class=\"nav-link\" data-bs-toggle=\"tab\">Our Documents<\/a><\/li><\/ul><div class=\"tab-content\"><div id=\"tab-18415a4a-c3b2-2\" class=\"tab-pane active\"><p style=\"font-size: 15.4px;text-align: center\" class=\"vc_custom_heading m-b-md\" >As Nur Pellet, our vision is to leave an environmentally friendly impact worldwide by providing sustainable energy solutions and to reach a leading position in the energy sector. We aim to build an innovative and sustainable future in the field of energy by prioritising customer satisfaction with our high quality products.<\/p><\/div><div id=\"tab-1613658067791-2-1\" class=\"tab-pane\"><p style=\"font-size: 15.4px;text-align: center\" class=\"vc_custom_heading m-b-md\" >Our mission is to provide economical, environmentally friendly and high performance energy solutions to our customers with quality pellet production. With our high production standards, reliable supply chain and environmental responsibilities, we aim to positively increase our social and environmental impact by assuming a leading role in the energy sector.<\/p><\/div><div id=\"tab-1700477075103-2-6\" class=\"tab-pane\">\n\t<div class=\"wpb_text_column wpb_content_element\" >\n\t\t<div class=\"wpb_wrapper\">\n\t\t\t<div id=\"envira-gallery-wrap-4177\" class=\"envira-gallery-wrap envira-gallery-theme-base envira-lightbox-theme-base\" itemscope itemtype=\"https:\/\/schema.org\/ImageGallery\"><div data-row-height=\"\" data-gallery-theme=\"\" id=\"envira-gallery-4177\" class=\"envira-gallery-public  envira-gallery-2-columns envira-clear enviratope envira-gallery-css-animations\" data-envira-columns=\"2\"><div id=\"envira-gallery-item-4173\" class=\"envira-gallery-item enviratope-item envira-gallery-item-1 envira-lazy-load\" style=\"padding-left: 5px; padding-bottom: 10px; padding-right: 5px;\"  itemscope itemtype=\"https:\/\/schema.org\/ImageObject\"><div class=\"envira-gallery-item-inner\"><div class=\"envira-gallery-position-overlay  envira-gallery-top-left\"><\/div><div class=\"envira-gallery-position-overlay  envira-gallery-top-right\"><\/div><div class=\"envira-gallery-position-overlay  envira-gallery-bottom-left\"><\/div><div class=\"envira-gallery-position-overlay  envira-gallery-bottom-right\"><\/div><a href=\"https:\/\/www.nurpelet.com\/wp-content\/uploads\/2023\/11\/TSE.jpg\" class=\"envira-gallery-4177 envira-gallery-link\" rel=\"enviragallery4177\" title=\"TSE\" data-envira-caption=\"TSE\" data-envira-retina=\"\" data-thumbnail=\"\"  itemprop=\"contentUrl\"><div class=\"envira-lazy\" data-test-width=\"200\" data-test-height=\"300\" style=\"padding-bottom:150%;\"><img decoding=\"async\" id=\"envira-gallery-image-4173\" class=\"envira-gallery-image envira-gallery-image-1\" data-envira-index=\"1\" src=\"https:\/\/www.nurpelet.com\/wp-content\/uploads\/2023\/11\/TSE.jpg\" data-envira-src=\"https:\/\/www.nurpelet.com\/wp-content\/uploads\/2023\/11\/TSE.jpg\" data-envira-gallery-id=\"4177\" data-envira-item-id=\"4173\" data-envira-caption=\"TSE\" alt=\"\" title=\"TSE\"  itemprop=\"thumbnailUrl\" data-envira-srcset=\"https:\/\/www.nurpelet.com\/wp-content\/uploads\/2023\/11\/TSE.jpg 400w,https:\/\/www.nurpelet.com\/wp-content\/uploads\/2023\/11\/TSE.jpg 2x\" srcset=\"data:image\/gif;base64,R0lGODlhAQABAIAAAP\/\/\/\/\/\/\/yH5BAEKAAEALAAAAAABAAEAAAICTAEAOw==\" \/><\/div><\/a><\/div><\/div><div id=\"envira-gallery-item-4175\" class=\"envira-gallery-item enviratope-item envira-gallery-item-2 envira-lazy-load\" style=\"padding-left: 5px; padding-bottom: 10px; padding-right: 5px;\"  itemscope itemtype=\"https:\/\/schema.org\/ImageObject\"><div class=\"envira-gallery-item-inner\"><div class=\"envira-gallery-position-overlay  envira-gallery-top-left\"><\/div><div class=\"envira-gallery-position-overlay  envira-gallery-top-right\"><\/div><div class=\"envira-gallery-position-overlay  envira-gallery-bottom-left\"><\/div><div class=\"envira-gallery-position-overlay  envira-gallery-bottom-right\"><\/div><a href=\"https:\/\/www.nurpelet.com\/wp-content\/uploads\/2023\/11\/SATIS-IZIN.jpg\" class=\"envira-gallery-4177 envira-gallery-link\" rel=\"enviragallery4177\" title=\"SATIS-IZIN\" data-envira-caption=\"SATIS-IZIN\" data-envira-retina=\"\" data-thumbnail=\"\"  itemprop=\"contentUrl\"><div class=\"envira-lazy\" data-test-width=\"200\" data-test-height=\"300\" style=\"padding-bottom:150%;\"><img decoding=\"async\" id=\"envira-gallery-image-4175\" class=\"envira-gallery-image envira-gallery-image-2\" data-envira-index=\"2\" src=\"https:\/\/www.nurpelet.com\/wp-content\/uploads\/2023\/11\/SATIS-IZIN.jpg\" data-envira-src=\"https:\/\/www.nurpelet.com\/wp-content\/uploads\/2023\/11\/SATIS-IZIN.jpg\" data-envira-gallery-id=\"4177\" data-envira-item-id=\"4175\" data-envira-caption=\"SATIS-IZIN\" alt=\"\" title=\"SATIS-IZIN\"  itemprop=\"thumbnailUrl\" data-envira-srcset=\"https:\/\/www.nurpelet.com\/wp-content\/uploads\/2023\/11\/SATIS-IZIN.jpg 400w,https:\/\/www.nurpelet.com\/wp-content\/uploads\/2023\/11\/SATIS-IZIN.jpg 2x\" srcset=\"data:image\/gif;base64,R0lGODlhAQABAIAAAP\/\/\/\/\/\/\/yH5BAEKAAEALAAAAAABAAEAAAICTAEAOw==\" \/><\/div><\/a><\/div><\/div><\/div><\/div><noscript><img decoding=\"async\" src=\"https:\/\/www.nurpelet.com\/wp-content\/uploads\/2023\/11\/TSE.jpg\" alt=\"\" \/><img decoding=\"async\" src=\"https:\/\/www.nurpelet.com\/wp-content\/uploads\/2023\/11\/SATIS-IZIN.jpg\" alt=\"\" \/><\/noscript>\n\n\t\t<\/div>\n\t<\/div>\n<\/div><\/div><\/div><\/div><\/div><\/div><\/div><\/div>\n<\/section>","protected":false},"excerpt":{"rendered":"Nur Pelet G\u0131da ve Enerji San. Tic. Ltd. \u015eti.Nur Pelet olarak, Alman mal\u0131 Amandus Khal marka iki adet pelet presle y\u00fcr\u00fctt\u00fc\u011f\u00fcm\u00fcz \u00fcretim s\u00fcreciyle, y\u00fcksek kaliteli peletlerimizi d\u00fcnya genelinde ihra\u00e7 etmekten gurur duyuyoruz.Tek \u00fcretim hatt\u0131m\u0131z, saatlik 3,5 ton 6-8mm pelet \u00fcretim kapasitesine sahiptir, bu da hem miktar hem de kalite anlam\u0131nda y\u00fcksek standartlar\u0131m\u0131z\u0131 belirtmemize olanak tan\u0131r. [...]","protected":false},"author":1,"featured_media":0,"parent":0,"menu_order":0,"comment_status":"closed","ping_status":"closed","template":"","meta":{"footnotes":""},"class_list":["post-11","page","type-page","status-publish","hentry"],"_links":{"self":[{"href":"https:\/\/www.nurpelet.com\/en\/wp-json\/wp\/v2\/pages\/11","targetHints":{"allow":["GET"]}}],"collection":[{"href":"https:\/\/www.nurpelet.com\/en\/wp-json\/wp\/v2\/pages"}],"about":[{"href":"https:\/\/www.nurpelet.com\/en\/wp-json\/wp\/v2\/types\/page"}],"author":[{"embeddable":true,"href":"https:\/\/www.nurpelet.com\/en\/wp-json\/wp\/v2\/users\/1"}],"replies":[{"embeddable":true,"href":"https:\/\/www.nurpelet.com\/en\/wp-json\/wp\/v2\/comments?post=11"}],"version-history":[{"count":13,"href":"https:\/\/www.nurpelet.com\/en\/wp-json\/wp\/v2\/pages\/11\/revisions"}],"predecessor-version":[{"id":4180,"href":"https:\/\/www.nurpelet.com\/en\/wp-json\/wp\/v2\/pages\/11\/revisions\/4180"}],"wp:attachment":[{"href":"https:\/\/www.nurpelet.com\/en\/wp-json\/wp\/v2\/media?parent=11"}],"curies":[{"name":"wp","href":"https:\/\/api.w.org\/{rel}","templated":true}]}}